{"id":6902,"date":"2023-11-07T15:58:03","date_gmt":"2023-11-07T14:58:03","guid":{"rendered":"https:\/\/fondation.audencia.com\/actualites\/"},"modified":"2024-03-19T09:13:10","modified_gmt":"2024-03-19T08:13:10","slug":"actualites","status":"publish","type":"page","link":"https:\/\/fondation.audencia.com\/en\/actualites\/","title":{"rendered":"News"},"content":{"rendered":"[vc_row type=&#8221;in_container&#8221; full_screen_row_position=&#8221;middle&#8221; column_margin=&#8221;default&#8221; column_direction=&#8221;default&#8221; column_direction_tablet=&#8221;default&#8221; column_direction_phone=&#8221;default&#8221; scene_position=&#8221;center&#8221; text_color=&#8221;dark&#8221; text_align=&#8221;left&#8221; row_border_radius=&#8221;none&#8221; row_border_radius_applies=&#8221;bg&#8221; overflow=&#8221;visible&#8221; overlay_strength=&#8221;0.3&#8243; gradient_direction=&#8221;left_to_right&#8221; shape_divider_position=&#8221;bottom&#8221; bg_image_animation=&#8221;none&#8221;][vc_column column_padding=&#8221;no-extra-padding&#8221; column_padding_tablet=&#8221;inherit&#8221; column_padding_phone=&#8221;inherit&#8221; column_padding_position=&#8221;all&#8221; column_element_direction_desktop=&#8221;default&#8221; column_element_spacing=&#8221;default&#8221; desktop_text_alignment=&#8221;default&#8221; tablet_text_alignment=&#8221;default&#8221; phone_text_alignment=&#8221;default&#8221; background_color_opacity=&#8221;1&#8243; background_hover_color_opacity=&#8221;1&#8243; column_backdrop_filter=&#8221;none&#8221; column_shadow=&#8221;none&#8221; column_border_radius=&#8221;none&#8221; column_link_target=&#8221;_self&#8221; column_position=&#8221;default&#8221; gradient_direction=&#8221;left_to_right&#8221; overlay_strength=&#8221;0.3&#8243; width=&#8221;1\/1&#8243; tablet_width_inherit=&#8221;default&#8221; animation_type=&#8221;default&#8221; bg_image_animation=&#8221;none&#8221; border_type=&#8221;simple&#8221; column_border_width=&#8221;none&#8221; column_border_style=&#8221;solid&#8221;][vc_column_text]\n<div class=\"row page-header-no-bg blog-archive-header\" data-alignment=\"left\">\n<div class=\"container\">\n<div class=\"col span_12 section-title\">\n<h1>The news<\/h1>\n<\/div>\n<\/div>\n<\/div>\n[\/vc_column_text][nectar_blog layout=&#8221;masonry-blog-sidebar&#8221; blog_masonry_style=&#8221;material&#8221; enable_ss=&#8221;true&#8221; load_in_animation=&#8221;fade_in_from_bottom&#8221; category=&#8221;all&#8221; enable_pagination=&#8221;true&#8221; pagination_type=&#8221;default&#8221; order=&#8221;DESC&#8221; orderby=&#8221;date&#8221; blog_remove_post_author=&#8221;true&#8221; blog_remove_post_comment_number=&#8221;true&#8221; blog_remove_post_nectar_love=&#8221;true&#8221; posts_per_page=&#8221;6&#8243;][\/vc_column][\/vc_row]\n","protected":false},"excerpt":{"rendered":"<p>[vc_row type=&#8221;in_container&#8221; full_screen_row_position=&#8221;middle&#8221; column_margin=&#8221;default&#8221; column_direction=&#8221;default&#8221; column_direction_tablet=&#8221;default&#8221; column_direction_phone=&#8221;default&#8221; scene_position=&#8221;center&#8221; text_color=&#8221;dark&#8221; text_align=&#8221;left&#8221; row_border_radius=&#8221;none&#8221; row_border_radius_applies=&#8221;bg&#8221; overflow=&#8221;visible&#8221; overlay_strength=&#8221;0.3&#8243; gradient_direction=&#8221;left_to_right&#8221; shape_divider_position=&#8221;bottom&#8221; bg_image_animation=&#8221;none&#8221;][vc_column column_padding=&#8221;no-extra-padding&#8221; column_padding_tablet=&#8221;inherit&#8221; column_padding_phone=&#8221;inherit&#8221; column_padding_position=&#8221;all&#8221; column_element_direction_desktop=&#8221;default&#8221; column_element_spacing=&#8221;default&#8221; desktop_text_alignment=&#8221;default&#8221; tablet_text_alignment=&#8221;default&#8221; phone_text_alignment=&#8221;default&#8221; background_color_opacity=&#8221;1&#8243; background_hover_color_opacity=&#8221;1&#8243; column_backdrop_filter=&#8221;none&#8221; column_shadow=&#8221;none&#8221;&#8230;<\/p>\n","protected":false},"author":1,"featured_media":6652,"parent":0,"menu_order":6,"comment_status":"closed","ping_status":"closed","template":"","meta":{"footnotes":""},"class_list":["post-6902","page","type-page","status-publish","has-post-thumbnail"],"yoast_head":"<!-- This site is optimized with the Yoast SEO plugin v27.3 - https:\/\/yoast.com\/product\/yoast-seo-wordpress\/ -->\n<title>Actualit\u00e9s de la Fondation AUDENCIA<\/title>\n<meta name=\"description\" content=\"Consultez les derni\u00e8res actualit\u00e9s de la Fondation AUDENCIA pour rester \u00e0 jour sur nos actions visant \u00e0 promouvoir l&#039;\u00e9galit\u00e9 des chances et la diversit\u00e9 des profils \u00e9tudiants.\" \/>\n<meta name=\"robots\" content=\"index, follow, max-snippet:-1, max-image-preview:large, max-video-preview:-1\" \/>\n<link rel=\"canonical\" href=\"https:\/\/fondation.audencia.com\/en\/actualites\/\" \/>\n<meta property=\"og:locale\" content=\"en_US\" \/>\n<meta property=\"og:type\" content=\"article\" \/>\n<meta property=\"og:title\" content=\"Actualit\u00e9s de la Fondation AUDENCIA\" \/>\n<meta property=\"og:description\" content=\"Consultez les derni\u00e8res actualit\u00e9s de la Fondation AUDENCIA pour rester \u00e0 jour sur nos actions visant \u00e0 promouvoir l&#039;\u00e9galit\u00e9 des chances et la diversit\u00e9 des profils \u00e9tudiants.\" \/>\n<meta property=\"og:url\" content=\"https:\/\/fondation.audencia.com\/en\/actualites\/\" \/>\n<meta property=\"og:site_name\" content=\"Fondation 2023\" \/>\n<meta property=\"article:modified_time\" content=\"2024-03-19T08:13:10+00:00\" \/>\n<meta property=\"og:image\" content=\"https:\/\/fondation.audencia.com\/wp-content\/uploads\/2024\/03\/fondation_fb.jpg\" \/>\n\t<meta property=\"og:image:width\" content=\"1440\" \/>\n\t<meta property=\"og:image:height\" content=\"900\" \/>\n\t<meta property=\"og:image:type\" content=\"image\/jpeg\" \/>\n<meta name=\"twitter:card\" content=\"summary_large_image\" \/>\n<meta name=\"twitter:label1\" content=\"Est. reading time\" \/>\n\t<meta name=\"twitter:data1\" content=\"1 minute\" \/>\n<script type=\"application\/ld+json\" class=\"yoast-schema-graph\">{\"@context\":\"https:\\\/\\\/schema.org\",\"@graph\":[{\"@type\":\"WebPage\",\"@id\":\"https:\\\/\\\/fondation.audencia.com\\\/en\\\/actualites\\\/\",\"url\":\"https:\\\/\\\/fondation.audencia.com\\\/en\\\/actualites\\\/\",\"name\":\"Actualit\u00e9s de la Fondation AUDENCIA\",\"isPartOf\":{\"@id\":\"https:\\\/\\\/fondation.audencia.com\\\/en\\\/#website\"},\"primaryImageOfPage\":{\"@id\":\"https:\\\/\\\/fondation.audencia.com\\\/en\\\/actualites\\\/#primaryimage\"},\"image\":{\"@id\":\"https:\\\/\\\/fondation.audencia.com\\\/en\\\/actualites\\\/#primaryimage\"},\"thumbnailUrl\":\"https:\\\/\\\/fondation.audencia.com\\\/wp-content\\\/uploads\\\/2024\\\/03\\\/fondation_fb.jpg\",\"datePublished\":\"2023-11-07T14:58:03+00:00\",\"dateModified\":\"2024-03-19T08:13:10+00:00\",\"description\":\"Consultez les derni\u00e8res actualit\u00e9s de la Fondation AUDENCIA pour rester \u00e0 jour sur nos actions visant \u00e0 promouvoir l'\u00e9galit\u00e9 des chances et la diversit\u00e9 des profils \u00e9tudiants.\",\"breadcrumb\":{\"@id\":\"https:\\\/\\\/fondation.audencia.com\\\/en\\\/actualites\\\/#breadcrumb\"},\"inLanguage\":\"en-US\",\"potentialAction\":[{\"@type\":\"ReadAction\",\"target\":[\"https:\\\/\\\/fondation.audencia.com\\\/en\\\/actualites\\\/\"]}]},{\"@type\":\"ImageObject\",\"inLanguage\":\"en-US\",\"@id\":\"https:\\\/\\\/fondation.audencia.com\\\/en\\\/actualites\\\/#primaryimage\",\"url\":\"https:\\\/\\\/fondation.audencia.com\\\/wp-content\\\/uploads\\\/2024\\\/03\\\/fondation_fb.jpg\",\"contentUrl\":\"https:\\\/\\\/fondation.audencia.com\\\/wp-content\\\/uploads\\\/2024\\\/03\\\/fondation_fb.jpg\",\"width\":1440,\"height\":900},{\"@type\":\"BreadcrumbList\",\"@id\":\"https:\\\/\\\/fondation.audencia.com\\\/en\\\/actualites\\\/#breadcrumb\",\"itemListElement\":[{\"@type\":\"ListItem\",\"position\":1,\"name\":\"Accueil\",\"item\":\"https:\\\/\\\/fondation.audencia.com\\\/en\\\/\"},{\"@type\":\"ListItem\",\"position\":2,\"name\":\"News\"}]},{\"@type\":\"WebSite\",\"@id\":\"https:\\\/\\\/fondation.audencia.com\\\/en\\\/#website\",\"url\":\"https:\\\/\\\/fondation.audencia.com\\\/en\\\/\",\"name\":\"Fondation 2023\",\"description\":\"\",\"potentialAction\":[{\"@type\":\"SearchAction\",\"target\":{\"@type\":\"EntryPoint\",\"urlTemplate\":\"https:\\\/\\\/fondation.audencia.com\\\/en\\\/?s={search_term_string}\"},\"query-input\":{\"@type\":\"PropertyValueSpecification\",\"valueRequired\":true,\"valueName\":\"search_term_string\"}}],\"inLanguage\":\"en-US\"}]}<\/script>\n<!-- \/ Yoast SEO plugin. -->","yoast_head_json":{"title":"Actualit\u00e9s de la Fondation AUDENCIA","description":"Consultez les derni\u00e8res actualit\u00e9s de la Fondation AUDENCIA pour rester \u00e0 jour sur nos actions visant \u00e0 promouvoir l'\u00e9galit\u00e9 des chances et la diversit\u00e9 des profils \u00e9tudiants.","robots":{"index":"index","follow":"follow","max-snippet":"max-snippet:-1","max-image-preview":"max-image-preview:large","max-video-preview":"max-video-preview:-1"},"canonical":"https:\/\/fondation.audencia.com\/en\/actualites\/","og_locale":"en_US","og_type":"article","og_title":"Actualit\u00e9s de la Fondation AUDENCIA","og_description":"Consultez les derni\u00e8res actualit\u00e9s de la Fondation AUDENCIA pour rester \u00e0 jour sur nos actions visant \u00e0 promouvoir l'\u00e9galit\u00e9 des chances et la diversit\u00e9 des profils \u00e9tudiants.","og_url":"https:\/\/fondation.audencia.com\/en\/actualites\/","og_site_name":"Fondation 2023","article_modified_time":"2024-03-19T08:13:10+00:00","og_image":[{"width":1440,"height":900,"url":"https:\/\/fondation.audencia.com\/wp-content\/uploads\/2024\/03\/fondation_fb.jpg","type":"image\/jpeg"}],"twitter_card":"summary_large_image","twitter_misc":{"Est. reading time":"1 minute"},"schema":{"@context":"https:\/\/schema.org","@graph":[{"@type":"WebPage","@id":"https:\/\/fondation.audencia.com\/en\/actualites\/","url":"https:\/\/fondation.audencia.com\/en\/actualites\/","name":"Actualit\u00e9s de la Fondation AUDENCIA","isPartOf":{"@id":"https:\/\/fondation.audencia.com\/en\/#website"},"primaryImageOfPage":{"@id":"https:\/\/fondation.audencia.com\/en\/actualites\/#primaryimage"},"image":{"@id":"https:\/\/fondation.audencia.com\/en\/actualites\/#primaryimage"},"thumbnailUrl":"https:\/\/fondation.audencia.com\/wp-content\/uploads\/2024\/03\/fondation_fb.jpg","datePublished":"2023-11-07T14:58:03+00:00","dateModified":"2024-03-19T08:13:10+00:00","description":"Consultez les derni\u00e8res actualit\u00e9s de la Fondation AUDENCIA pour rester \u00e0 jour sur nos actions visant \u00e0 promouvoir l'\u00e9galit\u00e9 des chances et la diversit\u00e9 des profils \u00e9tudiants.","breadcrumb":{"@id":"https:\/\/fondation.audencia.com\/en\/actualites\/#breadcrumb"},"inLanguage":"en-US","potentialAction":[{"@type":"ReadAction","target":["https:\/\/fondation.audencia.com\/en\/actualites\/"]}]},{"@type":"ImageObject","inLanguage":"en-US","@id":"https:\/\/fondation.audencia.com\/en\/actualites\/#primaryimage","url":"https:\/\/fondation.audencia.com\/wp-content\/uploads\/2024\/03\/fondation_fb.jpg","contentUrl":"https:\/\/fondation.audencia.com\/wp-content\/uploads\/2024\/03\/fondation_fb.jpg","width":1440,"height":900},{"@type":"BreadcrumbList","@id":"https:\/\/fondation.audencia.com\/en\/actualites\/#breadcrumb","itemListElement":[{"@type":"ListItem","position":1,"name":"Accueil","item":"https:\/\/fondation.audencia.com\/en\/"},{"@type":"ListItem","position":2,"name":"News"}]},{"@type":"WebSite","@id":"https:\/\/fondation.audencia.com\/en\/#website","url":"https:\/\/fondation.audencia.com\/en\/","name":"Fondation 2023","description":"","potentialAction":[{"@type":"SearchAction","target":{"@type":"EntryPoint","urlTemplate":"https:\/\/fondation.audencia.com\/en\/?s={search_term_string}"},"query-input":{"@type":"PropertyValueSpecification","valueRequired":true,"valueName":"search_term_string"}}],"inLanguage":"en-US"}]}},"_links":{"self":[{"href":"https:\/\/fondation.audencia.com\/en\/wp-json\/wp\/v2\/pages\/6902","targetHints":{"allow":["GET"]}}],"collection":[{"href":"https:\/\/fondation.audencia.com\/en\/wp-json\/wp\/v2\/pages"}],"about":[{"href":"https:\/\/fondation.audencia.com\/en\/wp-json\/wp\/v2\/types\/page"}],"author":[{"embeddable":true,"href":"https:\/\/fondation.audencia.com\/en\/wp-json\/wp\/v2\/users\/1"}],"replies":[{"embeddable":true,"href":"https:\/\/fondation.audencia.com\/en\/wp-json\/wp\/v2\/comments?post=6902"}],"version-history":[{"count":0,"href":"https:\/\/fondation.audencia.com\/en\/wp-json\/wp\/v2\/pages\/6902\/revisions"}],"wp:featuredmedia":[{"embeddable":true,"href":"https:\/\/fondation.audencia.com\/en\/wp-json\/wp\/v2\/media\/6652"}],"wp:attachment":[{"href":"https:\/\/fondation.audencia.com\/en\/wp-json\/wp\/v2\/media?parent=6902"}],"curies":[{"name":"wp","href":"https:\/\/api.w.org\/{rel}","templated":true}]}}